{"id":5347,"date":"2020-03-02T22:04:57","date_gmt":"2020-03-02T22:04:57","guid":{"rendered":"https:\/\/ecole-de-parapente-des-arcs.com\/accueil\/"},"modified":"2024-03-01T16:42:10","modified_gmt":"2024-03-01T16:42:10","slug":"accueil","status":"publish","type":"page","link":"https:\/\/ecole-de-parapente-des-arcs.com\/en\/","title":{"rendered":"Home"},"content":{"rendered":"","protected":false},"excerpt":{"rendered":"","protected":false},"author":2,"featured_media":0,"parent":0,"menu_order":0,"comment_status":"closed","ping_status":"closed","template":"template-home.php","meta":{"_acf_changed":false,"footnotes":""},"class_list":["post-5347","page","type-page","status-publish","hentry"],"acf":[],"yoast_head":"<!-- This site is optimized with the Yoast SEO plugin v27.3 - https:\/\/yoast.com\/product\/yoast-seo-wordpress\/ -->\n<title>\u00c9cole de Parapente des Arcs - Stages et Bapt\u00eames Parapente<\/title>\n<meta name=\"description\" content=\"Situ\u00e9e en Savoie, \u00e0 Bourg St Maurice, notre \u00e9cole vous propose des stages, des vols biplace en parapente, et un g\u00eete pour vous accueillir.\" \/>\n<meta name=\"robots\" content=\"index, follow, max-snippet:-1, max-image-preview:large, max-video-preview:-1\" \/>\n<link rel=\"canonical\" href=\"https:\/\/ecole-de-parapente-des-arcs.com\/en\/\" \/>\n<meta property=\"og:locale\" content=\"en_US\" \/>\n<meta property=\"og:type\" content=\"article\" \/>\n<meta property=\"og:title\" content=\"\u00c9cole de Parapente des Arcs - Stages et Bapt\u00eames Parapente\" \/>\n<meta property=\"og:description\" content=\"Situ\u00e9e en Savoie, \u00e0 Bourg St Maurice, notre \u00e9cole vous propose des stages, des vols biplace en parapente, et un g\u00eete pour vous accueillir.\" \/>\n<meta property=\"og:url\" content=\"https:\/\/ecole-de-parapente-des-arcs.com\/en\/\" \/>\n<meta property=\"og:site_name\" content=\"\u00c9cole de parapente des Arcs\" \/>\n<meta property=\"article:modified_time\" content=\"2024-03-01T16:42:10+00:00\" \/>\n<meta name=\"twitter:card\" content=\"summary_large_image\" \/>\n<script type=\"application\/ld+json\" class=\"yoast-schema-graph\">{\"@context\":\"https:\\\/\\\/schema.org\",\"@graph\":[{\"@type\":\"WebPage\",\"@id\":\"https:\\\/\\\/ecole-de-parapente-des-arcs.com\\\/en\\\/\",\"url\":\"https:\\\/\\\/ecole-de-parapente-des-arcs.com\\\/en\\\/\",\"name\":\"\u00c9cole de Parapente des Arcs - Stages et Bapt\u00eames Parapente\",\"isPartOf\":{\"@id\":\"https:\\\/\\\/ecole-de-parapente-des-arcs.com\\\/#website\"},\"datePublished\":\"2020-03-02T22:04:57+00:00\",\"dateModified\":\"2024-03-01T16:42:10+00:00\",\"description\":\"Situ\u00e9e en Savoie, \u00e0 Bourg St Maurice, notre \u00e9cole vous propose des stages, des vols biplace en parapente, et un g\u00eete pour vous accueillir.\",\"breadcrumb\":{\"@id\":\"https:\\\/\\\/ecole-de-parapente-des-arcs.com\\\/en\\\/#breadcrumb\"},\"inLanguage\":\"en-US\",\"potentialAction\":[{\"@type\":\"ReadAction\",\"target\":[\"https:\\\/\\\/ecole-de-parapente-des-arcs.com\\\/en\\\/\"]}]},{\"@type\":\"BreadcrumbList\",\"@id\":\"https:\\\/\\\/ecole-de-parapente-des-arcs.com\\\/en\\\/#breadcrumb\",\"itemListElement\":[{\"@type\":\"ListItem\",\"position\":1,\"name\":\"Home\",\"item\":\"https:\\\/\\\/ecole-de-parapente-des-arcs.com\\\/en\\\/\"},{\"@type\":\"ListItem\",\"position\":2,\"name\":\"Home\"}]},{\"@type\":\"WebSite\",\"@id\":\"https:\\\/\\\/ecole-de-parapente-des-arcs.com\\\/#website\",\"url\":\"https:\\\/\\\/ecole-de-parapente-des-arcs.com\\\/\",\"name\":\"\u00c9cole de parapente des Arcs\",\"description\":\"\u00c9cole de parapente des Arcs\",\"potentialAction\":[{\"@type\":\"SearchAction\",\"target\":{\"@type\":\"EntryPoint\",\"urlTemplate\":\"https:\\\/\\\/ecole-de-parapente-des-arcs.com\\\/?s={search_term_string}\"},\"query-input\":{\"@type\":\"PropertyValueSpecification\",\"valueRequired\":true,\"valueName\":\"search_term_string\"}}],\"inLanguage\":\"en-US\"}]}<\/script>\n<!-- \/ Yoast SEO plugin. -->","yoast_head_json":{"title":"\u00c9cole de Parapente des Arcs - Stages et Bapt\u00eames Parapente","description":"Situ\u00e9e en Savoie, \u00e0 Bourg St Maurice, notre \u00e9cole vous propose des stages, des vols biplace en parapente, et un g\u00eete pour vous accueillir.","robots":{"index":"index","follow":"follow","max-snippet":"max-snippet:-1","max-image-preview":"max-image-preview:large","max-video-preview":"max-video-preview:-1"},"canonical":"https:\/\/ecole-de-parapente-des-arcs.com\/en\/","og_locale":"en_US","og_type":"article","og_title":"\u00c9cole de Parapente des Arcs - Stages et Bapt\u00eames Parapente","og_description":"Situ\u00e9e en Savoie, \u00e0 Bourg St Maurice, notre \u00e9cole vous propose des stages, des vols biplace en parapente, et un g\u00eete pour vous accueillir.","og_url":"https:\/\/ecole-de-parapente-des-arcs.com\/en\/","og_site_name":"\u00c9cole de parapente des Arcs","article_modified_time":"2024-03-01T16:42:10+00:00","twitter_card":"summary_large_image","schema":{"@context":"https:\/\/schema.org","@graph":[{"@type":"WebPage","@id":"https:\/\/ecole-de-parapente-des-arcs.com\/en\/","url":"https:\/\/ecole-de-parapente-des-arcs.com\/en\/","name":"\u00c9cole de Parapente des Arcs - Stages et Bapt\u00eames Parapente","isPartOf":{"@id":"https:\/\/ecole-de-parapente-des-arcs.com\/#website"},"datePublished":"2020-03-02T22:04:57+00:00","dateModified":"2024-03-01T16:42:10+00:00","description":"Situ\u00e9e en Savoie, \u00e0 Bourg St Maurice, notre \u00e9cole vous propose des stages, des vols biplace en parapente, et un g\u00eete pour vous accueillir.","breadcrumb":{"@id":"https:\/\/ecole-de-parapente-des-arcs.com\/en\/#breadcrumb"},"inLanguage":"en-US","potentialAction":[{"@type":"ReadAction","target":["https:\/\/ecole-de-parapente-des-arcs.com\/en\/"]}]},{"@type":"BreadcrumbList","@id":"https:\/\/ecole-de-parapente-des-arcs.com\/en\/#breadcrumb","itemListElement":[{"@type":"ListItem","position":1,"name":"Home","item":"https:\/\/ecole-de-parapente-des-arcs.com\/en\/"},{"@type":"ListItem","position":2,"name":"Home"}]},{"@type":"WebSite","@id":"https:\/\/ecole-de-parapente-des-arcs.com\/#website","url":"https:\/\/ecole-de-parapente-des-arcs.com\/","name":"\u00c9cole de parapente des Arcs","description":"\u00c9cole de parapente des Arcs","potentialAction":[{"@type":"SearchAction","target":{"@type":"EntryPoint","urlTemplate":"https:\/\/ecole-de-parapente-des-arcs.com\/?s={search_term_string}"},"query-input":{"@type":"PropertyValueSpecification","valueRequired":true,"valueName":"search_term_string"}}],"inLanguage":"en-US"}]}},"_links":{"self":[{"href":"https:\/\/ecole-de-parapente-des-arcs.com\/en\/wp-json\/wp\/v2\/pages\/5347","targetHints":{"allow":["GET"]}}],"collection":[{"href":"https:\/\/ecole-de-parapente-des-arcs.com\/en\/wp-json\/wp\/v2\/pages"}],"about":[{"href":"https:\/\/ecole-de-parapente-des-arcs.com\/en\/wp-json\/wp\/v2\/types\/page"}],"author":[{"embeddable":true,"href":"https:\/\/ecole-de-parapente-des-arcs.com\/en\/wp-json\/wp\/v2\/users\/2"}],"replies":[{"embeddable":true,"href":"https:\/\/ecole-de-parapente-des-arcs.com\/en\/wp-json\/wp\/v2\/comments?post=5347"}],"version-history":[{"count":2,"href":"https:\/\/ecole-de-parapente-des-arcs.com\/en\/wp-json\/wp\/v2\/pages\/5347\/revisions"}],"predecessor-version":[{"id":5349,"href":"https:\/\/ecole-de-parapente-des-arcs.com\/en\/wp-json\/wp\/v2\/pages\/5347\/revisions\/5349"}],"wp:attachment":[{"href":"https:\/\/ecole-de-parapente-des-arcs.com\/en\/wp-json\/wp\/v2\/media?parent=5347"}],"curies":[{"name":"wp","href":"https:\/\/api.w.org\/{rel}","templated":true}]}}