{"id":5351,"date":"2020-03-07T12:42:50","date_gmt":"2020-03-07T12:42:50","guid":{"rendered":"https:\/\/ecole-de-parapente-des-arcs.com\/le-gite\/"},"modified":"2024-05-02T07:42:42","modified_gmt":"2024-05-02T07:42:42","slug":"le-gite","status":"publish","type":"page","link":"https:\/\/ecole-de-parapente-des-arcs.com\/en\/le-gite\/","title":{"rendered":"The Lodge"},"content":{"rendered":"","protected":false},"excerpt":{"rendered":"","protected":false},"author":2,"featured_media":0,"parent":0,"menu_order":0,"comment_status":"closed","ping_status":"closed","template":"template-gite.php","meta":{"_acf_changed":false,"footnotes":""},"class_list":["post-5351","page","type-page","status-publish","hentry"],"acf":[],"yoast_head":"<!-- This site is optimized with the Yoast SEO plugin v27.3 - https:\/\/yoast.com\/product\/yoast-seo-wordpress\/ -->\n<title>Un g\u00eete de montagne pour les parapentistes ouvert \u00e0 l&#039;ann\u00e9e \u00e0 Montvenix<\/title>\n<meta name=\"description\" content=\"Optez pour la formule stage parapente et h\u00e9bergement dans un hameau calme et paradisiaque de montagne. Navettes et d\u00e9couverte des sites pour les groupes.\" \/>\n<meta name=\"robots\" content=\"index, follow, max-snippet:-1, max-image-preview:large, max-video-preview:-1\" \/>\n<link rel=\"canonical\" href=\"https:\/\/ecole-de-parapente-des-arcs.com\/en\/le-gite\/\" \/>\n<meta property=\"og:locale\" content=\"en_US\" \/>\n<meta property=\"og:type\" content=\"article\" \/>\n<meta property=\"og:title\" content=\"Un g\u00eete de montagne pour les parapentistes ouvert \u00e0 l&#039;ann\u00e9e \u00e0 Montvenix\" \/>\n<meta property=\"og:description\" content=\"Optez pour la formule stage parapente et h\u00e9bergement dans un hameau calme et paradisiaque de montagne. Navettes et d\u00e9couverte des sites pour les groupes.\" \/>\n<meta property=\"og:url\" content=\"https:\/\/ecole-de-parapente-des-arcs.com\/en\/le-gite\/\" \/>\n<meta property=\"og:site_name\" content=\"\u00c9cole de parapente des Arcs\" \/>\n<meta property=\"article:modified_time\" content=\"2024-05-02T07:42:42+00:00\" \/>\n<meta name=\"twitter:card\" content=\"summary_large_image\" \/>\n<script type=\"application\/ld+json\" class=\"yoast-schema-graph\">{\"@context\":\"https:\\\/\\\/schema.org\",\"@graph\":[{\"@type\":\"WebPage\",\"@id\":\"https:\\\/\\\/ecole-de-parapente-des-arcs.com\\\/en\\\/le-gite\\\/\",\"url\":\"https:\\\/\\\/ecole-de-parapente-des-arcs.com\\\/en\\\/le-gite\\\/\",\"name\":\"Un g\u00eete de montagne pour les parapentistes ouvert \u00e0 l'ann\u00e9e \u00e0 Montvenix\",\"isPartOf\":{\"@id\":\"https:\\\/\\\/ecole-de-parapente-des-arcs.com\\\/#website\"},\"datePublished\":\"2020-03-07T12:42:50+00:00\",\"dateModified\":\"2024-05-02T07:42:42+00:00\",\"description\":\"Optez pour la formule stage parapente et h\u00e9bergement dans un hameau calme et paradisiaque de montagne. Navettes et d\u00e9couverte des sites pour les groupes.\",\"breadcrumb\":{\"@id\":\"https:\\\/\\\/ecole-de-parapente-des-arcs.com\\\/en\\\/le-gite\\\/#breadcrumb\"},\"inLanguage\":\"en-US\",\"potentialAction\":[{\"@type\":\"ReadAction\",\"target\":[\"https:\\\/\\\/ecole-de-parapente-des-arcs.com\\\/en\\\/le-gite\\\/\"]}]},{\"@type\":\"BreadcrumbList\",\"@id\":\"https:\\\/\\\/ecole-de-parapente-des-arcs.com\\\/en\\\/le-gite\\\/#breadcrumb\",\"itemListElement\":[{\"@type\":\"ListItem\",\"position\":1,\"name\":\"Home\",\"item\":\"https:\\\/\\\/ecole-de-parapente-des-arcs.com\\\/en\\\/\"},{\"@type\":\"ListItem\",\"position\":2,\"name\":\"The Lodge\"}]},{\"@type\":\"WebSite\",\"@id\":\"https:\\\/\\\/ecole-de-parapente-des-arcs.com\\\/#website\",\"url\":\"https:\\\/\\\/ecole-de-parapente-des-arcs.com\\\/\",\"name\":\"\u00c9cole de parapente des Arcs\",\"description\":\"\u00c9cole de parapente des Arcs\",\"potentialAction\":[{\"@type\":\"SearchAction\",\"target\":{\"@type\":\"EntryPoint\",\"urlTemplate\":\"https:\\\/\\\/ecole-de-parapente-des-arcs.com\\\/?s={search_term_string}\"},\"query-input\":{\"@type\":\"PropertyValueSpecification\",\"valueRequired\":true,\"valueName\":\"search_term_string\"}}],\"inLanguage\":\"en-US\"}]}<\/script>\n<!-- \/ Yoast SEO plugin. -->","yoast_head_json":{"title":"Un g\u00eete de montagne pour les parapentistes ouvert \u00e0 l'ann\u00e9e \u00e0 Montvenix","description":"Optez pour la formule stage parapente et h\u00e9bergement dans un hameau calme et paradisiaque de montagne. Navettes et d\u00e9couverte des sites pour les groupes.","robots":{"index":"index","follow":"follow","max-snippet":"max-snippet:-1","max-image-preview":"max-image-preview:large","max-video-preview":"max-video-preview:-1"},"canonical":"https:\/\/ecole-de-parapente-des-arcs.com\/en\/le-gite\/","og_locale":"en_US","og_type":"article","og_title":"Un g\u00eete de montagne pour les parapentistes ouvert \u00e0 l'ann\u00e9e \u00e0 Montvenix","og_description":"Optez pour la formule stage parapente et h\u00e9bergement dans un hameau calme et paradisiaque de montagne. Navettes et d\u00e9couverte des sites pour les groupes.","og_url":"https:\/\/ecole-de-parapente-des-arcs.com\/en\/le-gite\/","og_site_name":"\u00c9cole de parapente des Arcs","article_modified_time":"2024-05-02T07:42:42+00:00","twitter_card":"summary_large_image","schema":{"@context":"https:\/\/schema.org","@graph":[{"@type":"WebPage","@id":"https:\/\/ecole-de-parapente-des-arcs.com\/en\/le-gite\/","url":"https:\/\/ecole-de-parapente-des-arcs.com\/en\/le-gite\/","name":"Un g\u00eete de montagne pour les parapentistes ouvert \u00e0 l'ann\u00e9e \u00e0 Montvenix","isPartOf":{"@id":"https:\/\/ecole-de-parapente-des-arcs.com\/#website"},"datePublished":"2020-03-07T12:42:50+00:00","dateModified":"2024-05-02T07:42:42+00:00","description":"Optez pour la formule stage parapente et h\u00e9bergement dans un hameau calme et paradisiaque de montagne. Navettes et d\u00e9couverte des sites pour les groupes.","breadcrumb":{"@id":"https:\/\/ecole-de-parapente-des-arcs.com\/en\/le-gite\/#breadcrumb"},"inLanguage":"en-US","potentialAction":[{"@type":"ReadAction","target":["https:\/\/ecole-de-parapente-des-arcs.com\/en\/le-gite\/"]}]},{"@type":"BreadcrumbList","@id":"https:\/\/ecole-de-parapente-des-arcs.com\/en\/le-gite\/#breadcrumb","itemListElement":[{"@type":"ListItem","position":1,"name":"Home","item":"https:\/\/ecole-de-parapente-des-arcs.com\/en\/"},{"@type":"ListItem","position":2,"name":"The Lodge"}]},{"@type":"WebSite","@id":"https:\/\/ecole-de-parapente-des-arcs.com\/#website","url":"https:\/\/ecole-de-parapente-des-arcs.com\/","name":"\u00c9cole de parapente des Arcs","description":"\u00c9cole de parapente des Arcs","potentialAction":[{"@type":"SearchAction","target":{"@type":"EntryPoint","urlTemplate":"https:\/\/ecole-de-parapente-des-arcs.com\/?s={search_term_string}"},"query-input":{"@type":"PropertyValueSpecification","valueRequired":true,"valueName":"search_term_string"}}],"inLanguage":"en-US"}]}},"_links":{"self":[{"href":"https:\/\/ecole-de-parapente-des-arcs.com\/en\/wp-json\/wp\/v2\/pages\/5351","targetHints":{"allow":["GET"]}}],"collection":[{"href":"https:\/\/ecole-de-parapente-des-arcs.com\/en\/wp-json\/wp\/v2\/pages"}],"about":[{"href":"https:\/\/ecole-de-parapente-des-arcs.com\/en\/wp-json\/wp\/v2\/types\/page"}],"author":[{"embeddable":true,"href":"https:\/\/ecole-de-parapente-des-arcs.com\/en\/wp-json\/wp\/v2\/users\/2"}],"replies":[{"embeddable":true,"href":"https:\/\/ecole-de-parapente-des-arcs.com\/en\/wp-json\/wp\/v2\/comments?post=5351"}],"version-history":[{"count":4,"href":"https:\/\/ecole-de-parapente-des-arcs.com\/en\/wp-json\/wp\/v2\/pages\/5351\/revisions"}],"predecessor-version":[{"id":5834,"href":"https:\/\/ecole-de-parapente-des-arcs.com\/en\/wp-json\/wp\/v2\/pages\/5351\/revisions\/5834"}],"wp:attachment":[{"href":"https:\/\/ecole-de-parapente-des-arcs.com\/en\/wp-json\/wp\/v2\/media?parent=5351"}],"curies":[{"name":"wp","href":"https:\/\/api.w.org\/{rel}","templated":true}]}}