{"id":5361,"date":"2020-03-17T18:57:12","date_gmt":"2020-03-17T18:57:12","guid":{"rendered":"https:\/\/ecole-de-parapente-des-arcs.com\/documents-telechargeables\/"},"modified":"2024-03-01T16:56:11","modified_gmt":"2024-03-01T16:56:11","slug":"documents-telechargeables","status":"publish","type":"page","link":"https:\/\/ecole-de-parapente-des-arcs.com\/en\/documents-telechargeables\/","title":{"rendered":"Downloadable Documents"},"content":{"rendered":"<p>Find here all the necessary documents and forms for a great flight:<\/p>\n<p>The license form can be downloaded, however, it is easier to get your license online on the FFVL website.<\/p>\n","protected":false},"excerpt":{"rendered":"<p>Find here all the necessary documents and forms for a great flight: The license form can be downloaded, however, it is easier to get your license online on the FFVL website.<\/p>\n","protected":false},"author":2,"featured_media":0,"parent":0,"menu_order":0,"comment_status":"closed","ping_status":"closed","template":"","meta":{"_acf_changed":false,"footnotes":""},"class_list":["post-5361","page","type-page","status-publish","hentry"],"acf":[],"yoast_head":"<!-- This site is optimized with the Yoast SEO plugin v27.3 - https:\/\/yoast.com\/product\/yoast-seo-wordpress\/ -->\n<title>Downloadable Documents - \u00c9cole de parapente des Arcs<\/title>\n<meta name=\"description\" content=\"T\u00e9l\u00e9charger les documents pour votre stage de parapente, formulaire de licence, certificat m\u00e9dical, conditions g\u00e9n\u00e9rale de vente\" \/>\n<meta name=\"robots\" content=\"index, follow, max-snippet:-1, max-image-preview:large, max-video-preview:-1\" \/>\n<link rel=\"canonical\" href=\"https:\/\/ecole-de-parapente-des-arcs.com\/en\/documents-telechargeables\/\" \/>\n<meta property=\"og:locale\" content=\"en_US\" \/>\n<meta property=\"og:type\" content=\"article\" \/>\n<meta property=\"og:title\" content=\"Downloadable Documents - \u00c9cole de parapente des Arcs\" \/>\n<meta property=\"og:description\" content=\"T\u00e9l\u00e9charger les documents pour votre stage de parapente, formulaire de licence, certificat m\u00e9dical, conditions g\u00e9n\u00e9rale de vente\" \/>\n<meta property=\"og:url\" content=\"https:\/\/ecole-de-parapente-des-arcs.com\/en\/documents-telechargeables\/\" \/>\n<meta property=\"og:site_name\" content=\"\u00c9cole de parapente des Arcs\" \/>\n<meta property=\"article:modified_time\" content=\"2024-03-01T16:56:11+00:00\" \/>\n<meta name=\"twitter:card\" content=\"summary_large_image\" \/>\n<meta name=\"twitter:label1\" content=\"Est. reading time\" \/>\n\t<meta name=\"twitter:data1\" content=\"1 minute\" \/>\n<script type=\"application\/ld+json\" class=\"yoast-schema-graph\">{\"@context\":\"https:\\\/\\\/schema.org\",\"@graph\":[{\"@type\":\"WebPage\",\"@id\":\"https:\\\/\\\/ecole-de-parapente-des-arcs.com\\\/en\\\/documents-telechargeables\\\/\",\"url\":\"https:\\\/\\\/ecole-de-parapente-des-arcs.com\\\/en\\\/documents-telechargeables\\\/\",\"name\":\"Downloadable Documents - \u00c9cole de parapente des Arcs\",\"isPartOf\":{\"@id\":\"https:\\\/\\\/ecole-de-parapente-des-arcs.com\\\/#website\"},\"datePublished\":\"2020-03-17T18:57:12+00:00\",\"dateModified\":\"2024-03-01T16:56:11+00:00\",\"description\":\"T\u00e9l\u00e9charger les documents pour votre stage de parapente, formulaire de licence, certificat m\u00e9dical, conditions g\u00e9n\u00e9rale de vente\",\"breadcrumb\":{\"@id\":\"https:\\\/\\\/ecole-de-parapente-des-arcs.com\\\/en\\\/documents-telechargeables\\\/#breadcrumb\"},\"inLanguage\":\"en-US\",\"potentialAction\":[{\"@type\":\"ReadAction\",\"target\":[\"https:\\\/\\\/ecole-de-parapente-des-arcs.com\\\/en\\\/documents-telechargeables\\\/\"]}]},{\"@type\":\"BreadcrumbList\",\"@id\":\"https:\\\/\\\/ecole-de-parapente-des-arcs.com\\\/en\\\/documents-telechargeables\\\/#breadcrumb\",\"itemListElement\":[{\"@type\":\"ListItem\",\"position\":1,\"name\":\"Home\",\"item\":\"https:\\\/\\\/ecole-de-parapente-des-arcs.com\\\/en\\\/\"},{\"@type\":\"ListItem\",\"position\":2,\"name\":\"Downloadable Documents\"}]},{\"@type\":\"WebSite\",\"@id\":\"https:\\\/\\\/ecole-de-parapente-des-arcs.com\\\/#website\",\"url\":\"https:\\\/\\\/ecole-de-parapente-des-arcs.com\\\/\",\"name\":\"\u00c9cole de parapente des Arcs\",\"description\":\"\u00c9cole de parapente des Arcs\",\"potentialAction\":[{\"@type\":\"SearchAction\",\"target\":{\"@type\":\"EntryPoint\",\"urlTemplate\":\"https:\\\/\\\/ecole-de-parapente-des-arcs.com\\\/?s={search_term_string}\"},\"query-input\":{\"@type\":\"PropertyValueSpecification\",\"valueRequired\":true,\"valueName\":\"search_term_string\"}}],\"inLanguage\":\"en-US\"}]}<\/script>\n<!-- \/ Yoast SEO plugin. -->","yoast_head_json":{"title":"Downloadable Documents - \u00c9cole de parapente des Arcs","description":"T\u00e9l\u00e9charger les documents pour votre stage de parapente, formulaire de licence, certificat m\u00e9dical, conditions g\u00e9n\u00e9rale de vente","robots":{"index":"index","follow":"follow","max-snippet":"max-snippet:-1","max-image-preview":"max-image-preview:large","max-video-preview":"max-video-preview:-1"},"canonical":"https:\/\/ecole-de-parapente-des-arcs.com\/en\/documents-telechargeables\/","og_locale":"en_US","og_type":"article","og_title":"Downloadable Documents - \u00c9cole de parapente des Arcs","og_description":"T\u00e9l\u00e9charger les documents pour votre stage de parapente, formulaire de licence, certificat m\u00e9dical, conditions g\u00e9n\u00e9rale de vente","og_url":"https:\/\/ecole-de-parapente-des-arcs.com\/en\/documents-telechargeables\/","og_site_name":"\u00c9cole de parapente des Arcs","article_modified_time":"2024-03-01T16:56:11+00:00","twitter_card":"summary_large_image","twitter_misc":{"Est. reading time":"1 minute"},"schema":{"@context":"https:\/\/schema.org","@graph":[{"@type":"WebPage","@id":"https:\/\/ecole-de-parapente-des-arcs.com\/en\/documents-telechargeables\/","url":"https:\/\/ecole-de-parapente-des-arcs.com\/en\/documents-telechargeables\/","name":"Downloadable Documents - \u00c9cole de parapente des Arcs","isPartOf":{"@id":"https:\/\/ecole-de-parapente-des-arcs.com\/#website"},"datePublished":"2020-03-17T18:57:12+00:00","dateModified":"2024-03-01T16:56:11+00:00","description":"T\u00e9l\u00e9charger les documents pour votre stage de parapente, formulaire de licence, certificat m\u00e9dical, conditions g\u00e9n\u00e9rale de vente","breadcrumb":{"@id":"https:\/\/ecole-de-parapente-des-arcs.com\/en\/documents-telechargeables\/#breadcrumb"},"inLanguage":"en-US","potentialAction":[{"@type":"ReadAction","target":["https:\/\/ecole-de-parapente-des-arcs.com\/en\/documents-telechargeables\/"]}]},{"@type":"BreadcrumbList","@id":"https:\/\/ecole-de-parapente-des-arcs.com\/en\/documents-telechargeables\/#breadcrumb","itemListElement":[{"@type":"ListItem","position":1,"name":"Home","item":"https:\/\/ecole-de-parapente-des-arcs.com\/en\/"},{"@type":"ListItem","position":2,"name":"Downloadable Documents"}]},{"@type":"WebSite","@id":"https:\/\/ecole-de-parapente-des-arcs.com\/#website","url":"https:\/\/ecole-de-parapente-des-arcs.com\/","name":"\u00c9cole de parapente des Arcs","description":"\u00c9cole de parapente des Arcs","potentialAction":[{"@type":"SearchAction","target":{"@type":"EntryPoint","urlTemplate":"https:\/\/ecole-de-parapente-des-arcs.com\/?s={search_term_string}"},"query-input":{"@type":"PropertyValueSpecification","valueRequired":true,"valueName":"search_term_string"}}],"inLanguage":"en-US"}]}},"_links":{"self":[{"href":"https:\/\/ecole-de-parapente-des-arcs.com\/en\/wp-json\/wp\/v2\/pages\/5361","targetHints":{"allow":["GET"]}}],"collection":[{"href":"https:\/\/ecole-de-parapente-des-arcs.com\/en\/wp-json\/wp\/v2\/pages"}],"about":[{"href":"https:\/\/ecole-de-parapente-des-arcs.com\/en\/wp-json\/wp\/v2\/types\/page"}],"author":[{"embeddable":true,"href":"https:\/\/ecole-de-parapente-des-arcs.com\/en\/wp-json\/wp\/v2\/users\/2"}],"replies":[{"embeddable":true,"href":"https:\/\/ecole-de-parapente-des-arcs.com\/en\/wp-json\/wp\/v2\/comments?post=5361"}],"version-history":[{"count":4,"href":"https:\/\/ecole-de-parapente-des-arcs.com\/en\/wp-json\/wp\/v2\/pages\/5361\/revisions"}],"predecessor-version":[{"id":5365,"href":"https:\/\/ecole-de-parapente-des-arcs.com\/en\/wp-json\/wp\/v2\/pages\/5361\/revisions\/5365"}],"wp:attachment":[{"href":"https:\/\/ecole-de-parapente-des-arcs.com\/en\/wp-json\/wp\/v2\/media?parent=5361"}],"curies":[{"name":"wp","href":"https:\/\/api.w.org\/{rel}","templated":true}]}}