{"id":5465,"date":"2023-12-22T21:36:11","date_gmt":"2023-12-22T21:36:11","guid":{"rendered":"https:\/\/ecole-de-parapente-des-arcs.com\/baptemes\/biplaces-hiver\/"},"modified":"2024-03-04T12:02:40","modified_gmt":"2024-03-04T12:02:40","slug":"biplaces-hiver","status":"publish","type":"page","link":"https:\/\/ecole-de-parapente-des-arcs.com\/en\/baptemes\/biplaces-hiver\/","title":{"rendered":"Winter tandem paragliding flights in Les Arcs and Peisey-Vallandry"},"content":{"rendered":"<p>Sur l\u2019aire de d\u00e9collage votre moniteur pr\u00e9pare le parapente et\u00a0 d\u00e9m\u00eale les suspentes, \u00ab c\u2019est grand une aile biplace environ 40 m2 \u00bb. Ensuite il vous explique votre r\u00f4le pour le d\u00e9collage, courir doucement au d\u00e9but et progressivement acc\u00e9l\u00e9rer la course, ne pas s\u2019asseoir quand l\u2019aile nous soul\u00e8ve. Une fois en vol vous serez surpris par la facilit\u00e9 et le confort, fini le stress du d\u00e9collage. Vous volez c\u2019est magique, instant de glisse et de l\u00e9g\u00e8ret\u00e9, sentiment de libert\u00e9 immense. Si les conditions sont calmes votre moniteur vous confie les commandes et vous devenez pilote. En vol, il vous explique l\u2019atterrissage : le sol arrive vite et pourtant \u00e0 un m\u00e8tre, juste quand les pieds vont toucher le parapente s\u2019arr\u00eate en douceur. Vous n\u2019aurez alors plus qu\u2019une seule envie : recommencer !<\/p>\n<div id=\"gtx-trans\" style=\"position: absolute; left: 560px; top: 48px;\">\n<div class=\"gtx-trans-icon\"><\/div>\n<\/div>\n","protected":false},"excerpt":{"rendered":"<p>Sur l\u2019aire de d\u00e9collage votre moniteur pr\u00e9pare le parapente et\u00a0 d\u00e9m\u00eale les suspentes, \u00ab c\u2019est grand une aile biplace environ 40 m2 \u00bb. Ensuite il vous explique votre r\u00f4le pour le d\u00e9collage, courir doucement au d\u00e9but et progressivement acc\u00e9l\u00e9rer la course, ne pas s\u2019asseoir quand l\u2019aile nous soul\u00e8ve. Une fois en vol vous serez surpris [&hellip;]<\/p>\n","protected":false},"author":2,"featured_media":0,"parent":5418,"menu_order":0,"comment_status":"closed","ping_status":"closed","template":"template-product.php","meta":{"_acf_changed":false,"footnotes":""},"class_list":["post-5465","page","type-page","status-publish","hentry"],"acf":[],"yoast_head":"<!-- This site is optimized with the Yoast SEO plugin v27.3 - https:\/\/yoast.com\/product\/yoast-seo-wordpress\/ -->\n<title>Winter tandem paragliding flights in Les Arcs and Peisey-Vallandry - \u00c9cole de parapente des Arcs<\/title>\n<meta name=\"robots\" content=\"index, follow, max-snippet:-1, max-image-preview:large, max-video-preview:-1\" \/>\n<link rel=\"canonical\" href=\"https:\/\/ecole-de-parapente-des-arcs.com\/en\/baptemes\/biplaces-hiver\/\" \/>\n<meta property=\"og:locale\" content=\"en_US\" \/>\n<meta property=\"og:type\" content=\"article\" \/>\n<meta property=\"og:title\" content=\"Winter tandem paragliding flights in Les Arcs and Peisey-Vallandry - \u00c9cole de parapente des Arcs\" \/>\n<meta property=\"og:description\" content=\"Sur l\u2019aire de d\u00e9collage votre moniteur pr\u00e9pare le parapente et\u00a0 d\u00e9m\u00eale les suspentes, \u00ab c\u2019est grand une aile biplace environ 40 m2 \u00bb. Ensuite il vous explique votre r\u00f4le pour le d\u00e9collage, courir doucement au d\u00e9but et progressivement acc\u00e9l\u00e9rer la course, ne pas s\u2019asseoir quand l\u2019aile nous soul\u00e8ve. Une fois en vol vous serez surpris [&hellip;]\" \/>\n<meta property=\"og:url\" content=\"https:\/\/ecole-de-parapente-des-arcs.com\/en\/baptemes\/biplaces-hiver\/\" \/>\n<meta property=\"og:site_name\" content=\"\u00c9cole de parapente des Arcs\" \/>\n<meta property=\"article:modified_time\" content=\"2024-03-04T12:02:40+00:00\" \/>\n<meta name=\"twitter:card\" content=\"summary_large_image\" \/>\n<meta name=\"twitter:label1\" content=\"Est. reading time\" \/>\n\t<meta name=\"twitter:data1\" content=\"1 minute\" \/>\n<script type=\"application\/ld+json\" class=\"yoast-schema-graph\">{\"@context\":\"https:\\\/\\\/schema.org\",\"@graph\":[{\"@type\":\"WebPage\",\"@id\":\"https:\\\/\\\/ecole-de-parapente-des-arcs.com\\\/en\\\/baptemes\\\/biplaces-hiver\\\/\",\"url\":\"https:\\\/\\\/ecole-de-parapente-des-arcs.com\\\/en\\\/baptemes\\\/biplaces-hiver\\\/\",\"name\":\"Winter tandem paragliding flights in Les Arcs and Peisey-Vallandry - \u00c9cole de parapente des Arcs\",\"isPartOf\":{\"@id\":\"https:\\\/\\\/ecole-de-parapente-des-arcs.com\\\/#website\"},\"datePublished\":\"2023-12-22T21:36:11+00:00\",\"dateModified\":\"2024-03-04T12:02:40+00:00\",\"breadcrumb\":{\"@id\":\"https:\\\/\\\/ecole-de-parapente-des-arcs.com\\\/en\\\/baptemes\\\/biplaces-hiver\\\/#breadcrumb\"},\"inLanguage\":\"en-US\",\"potentialAction\":[{\"@type\":\"ReadAction\",\"target\":[\"https:\\\/\\\/ecole-de-parapente-des-arcs.com\\\/en\\\/baptemes\\\/biplaces-hiver\\\/\"]}]},{\"@type\":\"BreadcrumbList\",\"@id\":\"https:\\\/\\\/ecole-de-parapente-des-arcs.com\\\/en\\\/baptemes\\\/biplaces-hiver\\\/#breadcrumb\",\"itemListElement\":[{\"@type\":\"ListItem\",\"position\":1,\"name\":\"Home\",\"item\":\"https:\\\/\\\/ecole-de-parapente-des-arcs.com\\\/en\\\/\"},{\"@type\":\"ListItem\",\"position\":2,\"name\":\"Tandem\",\"item\":\"https:\\\/\\\/ecole-de-parapente-des-arcs.com\\\/en\\\/baptemes\\\/\"},{\"@type\":\"ListItem\",\"position\":3,\"name\":\"Winter tandem paragliding flights in Les Arcs and Peisey-Vallandry\"}]},{\"@type\":\"WebSite\",\"@id\":\"https:\\\/\\\/ecole-de-parapente-des-arcs.com\\\/#website\",\"url\":\"https:\\\/\\\/ecole-de-parapente-des-arcs.com\\\/\",\"name\":\"\u00c9cole de parapente des Arcs\",\"description\":\"\u00c9cole de parapente des Arcs\",\"potentialAction\":[{\"@type\":\"SearchAction\",\"target\":{\"@type\":\"EntryPoint\",\"urlTemplate\":\"https:\\\/\\\/ecole-de-parapente-des-arcs.com\\\/?s={search_term_string}\"},\"query-input\":{\"@type\":\"PropertyValueSpecification\",\"valueRequired\":true,\"valueName\":\"search_term_string\"}}],\"inLanguage\":\"en-US\"}]}<\/script>\n<!-- \/ Yoast SEO plugin. -->","yoast_head_json":{"title":"Winter tandem paragliding flights in Les Arcs and Peisey-Vallandry - \u00c9cole de parapente des Arcs","robots":{"index":"index","follow":"follow","max-snippet":"max-snippet:-1","max-image-preview":"max-image-preview:large","max-video-preview":"max-video-preview:-1"},"canonical":"https:\/\/ecole-de-parapente-des-arcs.com\/en\/baptemes\/biplaces-hiver\/","og_locale":"en_US","og_type":"article","og_title":"Winter tandem paragliding flights in Les Arcs and Peisey-Vallandry - \u00c9cole de parapente des Arcs","og_description":"Sur l\u2019aire de d\u00e9collage votre moniteur pr\u00e9pare le parapente et\u00a0 d\u00e9m\u00eale les suspentes, \u00ab c\u2019est grand une aile biplace environ 40 m2 \u00bb. Ensuite il vous explique votre r\u00f4le pour le d\u00e9collage, courir doucement au d\u00e9but et progressivement acc\u00e9l\u00e9rer la course, ne pas s\u2019asseoir quand l\u2019aile nous soul\u00e8ve. Une fois en vol vous serez surpris [&hellip;]","og_url":"https:\/\/ecole-de-parapente-des-arcs.com\/en\/baptemes\/biplaces-hiver\/","og_site_name":"\u00c9cole de parapente des Arcs","article_modified_time":"2024-03-04T12:02:40+00:00","twitter_card":"summary_large_image","twitter_misc":{"Est. reading time":"1 minute"},"schema":{"@context":"https:\/\/schema.org","@graph":[{"@type":"WebPage","@id":"https:\/\/ecole-de-parapente-des-arcs.com\/en\/baptemes\/biplaces-hiver\/","url":"https:\/\/ecole-de-parapente-des-arcs.com\/en\/baptemes\/biplaces-hiver\/","name":"Winter tandem paragliding flights in Les Arcs and Peisey-Vallandry - \u00c9cole de parapente des Arcs","isPartOf":{"@id":"https:\/\/ecole-de-parapente-des-arcs.com\/#website"},"datePublished":"2023-12-22T21:36:11+00:00","dateModified":"2024-03-04T12:02:40+00:00","breadcrumb":{"@id":"https:\/\/ecole-de-parapente-des-arcs.com\/en\/baptemes\/biplaces-hiver\/#breadcrumb"},"inLanguage":"en-US","potentialAction":[{"@type":"ReadAction","target":["https:\/\/ecole-de-parapente-des-arcs.com\/en\/baptemes\/biplaces-hiver\/"]}]},{"@type":"BreadcrumbList","@id":"https:\/\/ecole-de-parapente-des-arcs.com\/en\/baptemes\/biplaces-hiver\/#breadcrumb","itemListElement":[{"@type":"ListItem","position":1,"name":"Home","item":"https:\/\/ecole-de-parapente-des-arcs.com\/en\/"},{"@type":"ListItem","position":2,"name":"Tandem","item":"https:\/\/ecole-de-parapente-des-arcs.com\/en\/baptemes\/"},{"@type":"ListItem","position":3,"name":"Winter tandem paragliding flights in Les Arcs and Peisey-Vallandry"}]},{"@type":"WebSite","@id":"https:\/\/ecole-de-parapente-des-arcs.com\/#website","url":"https:\/\/ecole-de-parapente-des-arcs.com\/","name":"\u00c9cole de parapente des Arcs","description":"\u00c9cole de parapente des Arcs","potentialAction":[{"@type":"SearchAction","target":{"@type":"EntryPoint","urlTemplate":"https:\/\/ecole-de-parapente-des-arcs.com\/?s={search_term_string}"},"query-input":{"@type":"PropertyValueSpecification","valueRequired":true,"valueName":"search_term_string"}}],"inLanguage":"en-US"}]}},"_links":{"self":[{"href":"https:\/\/ecole-de-parapente-des-arcs.com\/en\/wp-json\/wp\/v2\/pages\/5465","targetHints":{"allow":["GET"]}}],"collection":[{"href":"https:\/\/ecole-de-parapente-des-arcs.com\/en\/wp-json\/wp\/v2\/pages"}],"about":[{"href":"https:\/\/ecole-de-parapente-des-arcs.com\/en\/wp-json\/wp\/v2\/types\/page"}],"author":[{"embeddable":true,"href":"https:\/\/ecole-de-parapente-des-arcs.com\/en\/wp-json\/wp\/v2\/users\/2"}],"replies":[{"embeddable":true,"href":"https:\/\/ecole-de-parapente-des-arcs.com\/en\/wp-json\/wp\/v2\/comments?post=5465"}],"version-history":[{"count":2,"href":"https:\/\/ecole-de-parapente-des-arcs.com\/en\/wp-json\/wp\/v2\/pages\/5465\/revisions"}],"predecessor-version":[{"id":5468,"href":"https:\/\/ecole-de-parapente-des-arcs.com\/en\/wp-json\/wp\/v2\/pages\/5465\/revisions\/5468"}],"up":[{"embeddable":true,"href":"https:\/\/ecole-de-parapente-des-arcs.com\/en\/wp-json\/wp\/v2\/pages\/5418"}],"wp:attachment":[{"href":"https:\/\/ecole-de-parapente-des-arcs.com\/en\/wp-json\/wp\/v2\/media?parent=5465"}],"curies":[{"name":"wp","href":"https:\/\/api.w.org\/{rel}","templated":true}]}}