{"id":211,"date":"2020-03-17T10:19:42","date_gmt":"2020-03-17T10:19:42","guid":{"rendered":"https:\/\/ecole-de-parapente-des-arcs.com\/?post_type=product&#038;p=211"},"modified":"2022-07-29T14:41:07","modified_gmt":"2022-07-29T14:41:07","slug":"vol-biplace-ete","status":"publish","type":"product","link":"https:\/\/ecole-de-parapente-des-arcs.com\/en\/produit\/vol-biplace-ete\/","title":{"rendered":"Vol biplace \u00e9t\u00e9"},"content":{"rendered":"<p><iframe title=\"Vol Biplace en parapente aux Arcs, avec l&#039;\u00e9cole de parapente des Arcs\" width=\"500\" height=\"281\" src=\"https:\/\/www.youtube.com\/embed\/jYedIxYy7IQ?feature=oembed\" frameborder=\"0\" allow=\"accelerometer; autoplay; clipboard-write; encrypted-media; gyroscope; picture-in-picture; web-share\" referrerpolicy=\"strict-origin-when-cross-origin\" allowfullscreen><\/iframe><\/p>\n<h2>Vol d\u00e9couverte, contemplation et Panoramique<\/h2>\n<p>La station des Arcs offre des possibilit\u00e9s de vol avec des d\u00e9nivel\u00e9es \u00e9normes, jusqu\u2019\u00e0 deux milles m\u00e8tres, accessible tr\u00e8s facilement gr\u00e2ce aux remont\u00e9es m\u00e9caniques, profitez en pour prendre l\u2019air ! Nous d\u00e9collons l\u2019un derri\u00e8re l\u2019autre sur une pente herbeuse, en vol vous \u00eates confortablement assis et profitez de la vue, vous pouvez prendre des photos et immortaliser ces instants magiques, vous pourrez apprendre \u00e0 piloter le parapente en double commandes. L\u2019atterrissage se passe en douceur dans la vall\u00e9e de Bourg Saint Maurice.<\/p>\n<p>Vous souhaitez un reportage photo et vid\u00e9o haute r\u00e9solution, demandez le \u00e0 votre moniteur (en suppl\u00e9ment 30\u20ac carte micro SD 16 GB comprise)<\/p>\n<p>Temps de vol approximatif : 20 minutes.<\/p>\n<p><strong>Les options &#8220;pilotage&#8221; ou &#8220;voltige&#8221; souvent en suppl\u00e9ment (entre 30 et 50\u20ac) dans les autres structures sont offertes chez nous. A l&#8217;inscription demandez l&#8217;option &#8220;adr\u00e9naline &#8220;ou &#8220;voltige&#8221; et nous vous r\u00e9serverons une place avec nos moniteurs experts voltigeurs: sensations tr\u00e8s fortes garanties.<\/strong><\/p>\n<p>&nbsp;<\/p>\n<p>&nbsp;<\/p>\n<h2>Vol Biplace Performance, prestige et sensations.<\/h2>\n<p>C&#8217;est le vol &#8220;<strong>prestige&#8221;<\/strong> ce vol se fait dans l\u2019apr\u00e8s midi au moment o\u00f9 les conditions a\u00e9rologiques sont les plus favorables, il est conseill\u00e9 d\u2019avoir l\u2019exp\u00e9rience d\u2019un premier bapt\u00eame pour appr\u00e9cier ce vol de performance. Le moniteur utilisera les ascendances thermiques et dynamiques pour s\u2019\u00e9lever en altitude, survoler le d\u00e9collage et les sommets de la station, face au Mont Blanc, il vous expliquera \u00e9galement les bases du pilotage comment monter, descendre, vous pourrez piloter le parapente en double commandes. Vous allez en prendre plein le vue.<\/p>\n<p><strong>Les options &#8220;pilotage&#8221; ou &#8220;voltige&#8221; souvent en suppl\u00e9ment (entre 30 et 50\u20ac) dans les autres structures sont offertes chez nous. A l&#8217;inscription demandez l&#8217;option &#8220;adr\u00e9naline &#8220;ou &#8220;voltige&#8221; et nous vous r\u00e9serverons une place avec nos moniteurs experts voltigeurs: sensations tr\u00e8s fortes garanties.<\/strong><\/p>\n<p>Vous souhaitez un reportage photo full HD et vid\u00e9o haute r\u00e9solution, demandez le \u00e0 votre moniteur (en suppl\u00e9ment 30\u20ac carte micro SD 16 GB comprise)<\/p>\n<p>Temps de vol approximatif : + de 40 minutes<\/p>\n<p>&nbsp;<\/p>\n<p>Vous en voulez &#8220;<strong>encore plus&#8221;: <\/strong>voler deux heures, d\u00e9coller d&#8217;une aiguille, survoler les plus hauts sommets, contactez nous, nous r\u00e9aliserons vos r\u00eaves <strong>\u00e0 la carte<\/strong>.<\/p>\n<p>&nbsp;<\/p>\n<h3>Biplace Enfant, le matin<\/h3>\n<p>L\u2019occasion pour votre enfant de pouvoir lui aussi appr\u00e9hender les plaisirs du parapente.<\/p>\n<p>Vol exclusivement le matin, en a\u00e9rologie calme. C&#8217;est un grand vol, le m\u00eame que pour les adultes (+de 20 minutes), encore plus long car les enfants sont l\u00e9gers et descendent tout doucement, l&#8217;objectif c&#8217;est de faire d\u00e9couvrir l&#8217;activit\u00e9 au plus petits en toute s\u00e9curit\u00e9 et de leur laisser des souvenirs inoubliables.<\/p>\n<p>Poids minimum exig\u00e9 de 25 kgs.<\/p>\n<p>&nbsp;<\/p>\n<p>Tous nos produits sont achetables pour offrir en <a href=\"https:\/\/ecole-de-parapente-des-arcs.com\/produit\/bon-cadeau\/\">bon cadeau<\/a><\/p>\n","protected":false},"excerpt":{"rendered":"<p>Sur l\u2019aire de d\u00e9collage votre moniteur pr\u00e9pare le parapente et\u00a0 d\u00e9m\u00eale les suspentes, \u00ab c\u2019est grand une aile biplace environ 40 m2 \u00bb. Ensuite il vous explique votre r\u00f4le pour le d\u00e9collage, courir doucement au d\u00e9but et progressivement acc\u00e9l\u00e9rer la course, ne pas s\u2019asseoir quand l\u2019aile nous soul\u00e8ve. Une fois en vol vous serez surpris par la facilit\u00e9 et le confort, fini le stress du d\u00e9collage. Vous volez c\u2019est magique, instant de glisse et de l\u00e9g\u00e8ret\u00e9, sentiment de libert\u00e9 immense. Si les conditions sont calmes votre moniteur vous confie les commandes et vous devenez pilote. En vol, il vous explique l\u2019atterrissage : le sol arrive vite et pourtant \u00e0 un m\u00e8tre, juste quand les pieds vont toucher le parapente s\u2019arr\u00eate en douceur. Vous n\u2019aurez alors plus qu\u2019une seule envie : recommencer !<\/p>\n<p>&nbsp;<\/p>\n","protected":false},"featured_media":0,"template":"","meta":{"_acf_changed":false},"product_brand":[],"product_cat":[123],"product_tag":[],"class_list":{"0":"post-211","1":"product","2":"type-product","3":"status-publish","5":"product_cat-vol-biplace","7":"first","8":"instock","9":"taxable","10":"shipping-taxable","11":"purchasable","12":"product-type-variable"},"acf":[],"yoast_head":"<!-- This site is optimized with the Yoast SEO plugin v27.3 - https:\/\/yoast.com\/product\/yoast-seo-wordpress\/ -->\n<title>Bapt\u00e8me biplace avec l&#039;ecole de parapente des Arcs<\/title>\n<meta name=\"description\" content=\"Venez d\u00e9couvrir les stations vues du ciel: les arcs, vallandry et bourg saint maurice. Survolez les sommets de la vanoise face au mont blanc.\" \/>\n<meta name=\"robots\" content=\"index, follow, max-snippet:-1, max-image-preview:large, max-video-preview:-1\" \/>\n<link rel=\"canonical\" href=\"https:\/\/ecole-de-parapente-des-arcs.com\/produit\/vol-biplace-ete\/\" \/>\n<meta property=\"og:locale\" content=\"en_US\" \/>\n<meta property=\"og:type\" content=\"article\" \/>\n<meta property=\"og:title\" content=\"Bapt\u00e8me biplace avec l&#039;ecole de parapente des Arcs\" \/>\n<meta property=\"og:description\" content=\"Venez d\u00e9couvrir les stations vues du ciel: les arcs, vallandry et bourg saint maurice. Survolez les sommets de la vanoise face au mont blanc.\" \/>\n<meta property=\"og:url\" content=\"https:\/\/ecole-de-parapente-des-arcs.com\/produit\/vol-biplace-ete\/\" \/>\n<meta property=\"og:site_name\" content=\"\u00c9cole de parapente des Arcs\" \/>\n<meta property=\"article:modified_time\" content=\"2022-07-29T14:41:07+00:00\" \/>\n<meta name=\"twitter:card\" content=\"summary_large_image\" \/>\n<meta name=\"twitter:label1\" content=\"Est. reading time\" \/>\n\t<meta name=\"twitter:data1\" content=\"3 minutes\" \/>\n<script type=\"application\/ld+json\" class=\"yoast-schema-graph\">{\"@context\":\"https:\\\/\\\/schema.org\",\"@graph\":[{\"@type\":\"WebPage\",\"@id\":\"https:\\\/\\\/ecole-de-parapente-des-arcs.com\\\/produit\\\/vol-biplace-ete\\\/\",\"url\":\"https:\\\/\\\/ecole-de-parapente-des-arcs.com\\\/produit\\\/vol-biplace-ete\\\/\",\"name\":\"Bapt\u00e8me biplace avec l'ecole de parapente des Arcs\",\"isPartOf\":{\"@id\":\"https:\\\/\\\/ecole-de-parapente-des-arcs.com\\\/#website\"},\"datePublished\":\"2020-03-17T10:19:42+00:00\",\"dateModified\":\"2022-07-29T14:41:07+00:00\",\"description\":\"Venez d\u00e9couvrir les stations vues du ciel: les arcs, vallandry et bourg saint maurice. Survolez les sommets de la vanoise face au mont blanc.\",\"breadcrumb\":{\"@id\":\"https:\\\/\\\/ecole-de-parapente-des-arcs.com\\\/produit\\\/vol-biplace-ete\\\/#breadcrumb\"},\"inLanguage\":\"en-US\",\"potentialAction\":[{\"@type\":\"ReadAction\",\"target\":[\"https:\\\/\\\/ecole-de-parapente-des-arcs.com\\\/produit\\\/vol-biplace-ete\\\/\"]}]},{\"@type\":\"BreadcrumbList\",\"@id\":\"https:\\\/\\\/ecole-de-parapente-des-arcs.com\\\/produit\\\/vol-biplace-ete\\\/#breadcrumb\",\"itemListElement\":[{\"@type\":\"ListItem\",\"position\":1,\"name\":\"Home\",\"item\":\"https:\\\/\\\/ecole-de-parapente-des-arcs.com\\\/en\\\/\"},{\"@type\":\"ListItem\",\"position\":2,\"name\":\"Produits\",\"item\":\"https:\\\/\\\/ecole-de-parapente-des-arcs.com\\\/shop\\\/\"},{\"@type\":\"ListItem\",\"position\":3,\"name\":\"Vol biplace \u00e9t\u00e9\"}]},{\"@type\":\"WebSite\",\"@id\":\"https:\\\/\\\/ecole-de-parapente-des-arcs.com\\\/#website\",\"url\":\"https:\\\/\\\/ecole-de-parapente-des-arcs.com\\\/\",\"name\":\"\u00c9cole de parapente des Arcs\",\"description\":\"\u00c9cole de parapente des Arcs\",\"potentialAction\":[{\"@type\":\"SearchAction\",\"target\":{\"@type\":\"EntryPoint\",\"urlTemplate\":\"https:\\\/\\\/ecole-de-parapente-des-arcs.com\\\/?s={search_term_string}\"},\"query-input\":{\"@type\":\"PropertyValueSpecification\",\"valueRequired\":true,\"valueName\":\"search_term_string\"}}],\"inLanguage\":\"en-US\"}]}<\/script>\n<!-- \/ Yoast SEO plugin. -->","yoast_head_json":{"title":"Bapt\u00e8me biplace avec l'ecole de parapente des Arcs","description":"Venez d\u00e9couvrir les stations vues du ciel: les arcs, vallandry et bourg saint maurice. Survolez les sommets de la vanoise face au mont blanc.","robots":{"index":"index","follow":"follow","max-snippet":"max-snippet:-1","max-image-preview":"max-image-preview:large","max-video-preview":"max-video-preview:-1"},"canonical":"https:\/\/ecole-de-parapente-des-arcs.com\/produit\/vol-biplace-ete\/","og_locale":"en_US","og_type":"article","og_title":"Bapt\u00e8me biplace avec l'ecole de parapente des Arcs","og_description":"Venez d\u00e9couvrir les stations vues du ciel: les arcs, vallandry et bourg saint maurice. Survolez les sommets de la vanoise face au mont blanc.","og_url":"https:\/\/ecole-de-parapente-des-arcs.com\/produit\/vol-biplace-ete\/","og_site_name":"\u00c9cole de parapente des Arcs","article_modified_time":"2022-07-29T14:41:07+00:00","twitter_card":"summary_large_image","twitter_misc":{"Est. reading time":"3 minutes"},"schema":{"@context":"https:\/\/schema.org","@graph":[{"@type":"WebPage","@id":"https:\/\/ecole-de-parapente-des-arcs.com\/produit\/vol-biplace-ete\/","url":"https:\/\/ecole-de-parapente-des-arcs.com\/produit\/vol-biplace-ete\/","name":"Bapt\u00e8me biplace avec l'ecole de parapente des Arcs","isPartOf":{"@id":"https:\/\/ecole-de-parapente-des-arcs.com\/#website"},"datePublished":"2020-03-17T10:19:42+00:00","dateModified":"2022-07-29T14:41:07+00:00","description":"Venez d\u00e9couvrir les stations vues du ciel: les arcs, vallandry et bourg saint maurice. Survolez les sommets de la vanoise face au mont blanc.","breadcrumb":{"@id":"https:\/\/ecole-de-parapente-des-arcs.com\/produit\/vol-biplace-ete\/#breadcrumb"},"inLanguage":"en-US","potentialAction":[{"@type":"ReadAction","target":["https:\/\/ecole-de-parapente-des-arcs.com\/produit\/vol-biplace-ete\/"]}]},{"@type":"BreadcrumbList","@id":"https:\/\/ecole-de-parapente-des-arcs.com\/produit\/vol-biplace-ete\/#breadcrumb","itemListElement":[{"@type":"ListItem","position":1,"name":"Home","item":"https:\/\/ecole-de-parapente-des-arcs.com\/en\/"},{"@type":"ListItem","position":2,"name":"Produits","item":"https:\/\/ecole-de-parapente-des-arcs.com\/shop\/"},{"@type":"ListItem","position":3,"name":"Vol biplace \u00e9t\u00e9"}]},{"@type":"WebSite","@id":"https:\/\/ecole-de-parapente-des-arcs.com\/#website","url":"https:\/\/ecole-de-parapente-des-arcs.com\/","name":"\u00c9cole de parapente des Arcs","description":"\u00c9cole de parapente des Arcs","potentialAction":[{"@type":"SearchAction","target":{"@type":"EntryPoint","urlTemplate":"https:\/\/ecole-de-parapente-des-arcs.com\/?s={search_term_string}"},"query-input":{"@type":"PropertyValueSpecification","valueRequired":true,"valueName":"search_term_string"}}],"inLanguage":"en-US"}]}},"_links":{"self":[{"href":"https:\/\/ecole-de-parapente-des-arcs.com\/en\/wp-json\/wp\/v2\/product\/211","targetHints":{"allow":["GET"]}}],"collection":[{"href":"https:\/\/ecole-de-parapente-des-arcs.com\/en\/wp-json\/wp\/v2\/product"}],"about":[{"href":"https:\/\/ecole-de-parapente-des-arcs.com\/en\/wp-json\/wp\/v2\/types\/product"}],"wp:attachment":[{"href":"https:\/\/ecole-de-parapente-des-arcs.com\/en\/wp-json\/wp\/v2\/media?parent=211"}],"wp:term":[{"taxonomy":"product_brand","embeddable":true,"href":"https:\/\/ecole-de-parapente-des-arcs.com\/en\/wp-json\/wp\/v2\/product_brand?post=211"},{"taxonomy":"product_cat","embeddable":true,"href":"https:\/\/ecole-de-parapente-des-arcs.com\/en\/wp-json\/wp\/v2\/product_cat?post=211"},{"taxonomy":"product_tag","embeddable":true,"href":"https:\/\/ecole-de-parapente-des-arcs.com\/en\/wp-json\/wp\/v2\/product_tag?post=211"}],"curies":[{"name":"wp","href":"https:\/\/api.w.org\/{rel}","templated":true}]}}